{"id":242,"date":"2023-09-18T23:33:16","date_gmt":"2023-09-18T23:33:16","guid":{"rendered":"https:\/\/casitaluzdearcoiris.wordpress.com\/?page_id=242"},"modified":"2023-11-29T19:16:02","modified_gmt":"2023-11-29T19:16:02","slug":"un-dia-en-la-casita","status":"publish","type":"page","link":"https:\/\/casitaluzdearcoiris.es\/index.php\/un-dia-en-la-casita\/","title":{"rendered":"RITMO DIARIO\ud83d\uddd3\ufe0f"},"content":{"rendered":"\n<p><strong>El ritmo diario de la casita viene dado por las necesidades de los ni\u00f1@s, por lo que aunque hay una organizaci\u00f3n de las rutinas y un horario marcado, \u00e9stas son flexibles en tiempo y espacio. El ni\u00f1@ es el protagonista del proceso de aprendizaje, es el eje sobre el que gira todo lo dem\u00e1s. <\/strong><\/p>\n\n\n\n<ol class=\"wp-block-list\">\n<li><mark style=\"background-color: rgba(0,0,0,0);color: #cf2e2e\" class=\"has-inline-color has-vivid-red-color\"><strong>BIENVENIDA <\/strong>9:00h<\/mark><mark style=\"background-color: rgba(0,0,0,0);color: #11181F\" class=\"has-inline-color has-primary-color\"> <\/mark><strong><mark style=\"background-color: rgba(0,0,0,0)\" class=\"has-inline-color has-black-color\">Acogimiento y llegada de los peques. Feedback con informaci\u00f3n importante. Cambio de zapatos. Despedida y entrada al ambiente.<\/mark><\/strong><\/li>\n\n\n\n<li><mark style=\"background-color: rgba(0,0,0,0);color: #ff6900\" class=\"has-inline-color has-luminous-vivid-orange-color\"><strong>ESPACIO DE JUEGO<\/strong> 9:15-10:00h<\/mark><mark style=\"background-color: rgba(0,0,0,0);color: #11181F\" class=\"has-inline-color has-primary-color\"> <\/mark><strong><mark style=\"background-color: rgba(0,0,0,0);color: #11181F\" class=\"has-inline-color has-primary-color\">Juego y <\/mark><mark style=\"background-color:rgba(0, 0, 0, 0)\" class=\"has-inline-color has-black-color\">movimiento<\/mark><mark style=\"background-color: rgba(0,0,0,0);color: #11181F\" class=\"has-inline-color has-primary-color\"> libre, trabajo montessori, talleres sensoriales, provocaciones, <\/mark><mark style=\"background-color:rgba(0, 0, 0, 0)\" class=\"has-inline-color has-black-color\">actividades pl\u00e1sticas<\/mark><mark style=\"background-color: rgba(0,0,0,0);color: #11181F\" class=\"has-inline-color has-primary-color\">, motricidad fina, juego <\/mark><mark style=\"background-color:rgba(0, 0, 0, 0)\" class=\"has-inline-color has-black-color\">simb\u00f3lico<\/mark><mark style=\"background-color: rgba(0,0,0,0);color: #11181F\" class=\"has-inline-color has-primary-color\">, yoga, <\/mark><mark style=\"background-color:rgba(0, 0, 0, 0)\" class=\"has-inline-color has-black-color\">m\u00fasica\u2026<\/mark><\/strong><\/li>\n\n\n\n<li><mark style=\"background-color: rgba(0,0,0,0);color: #fcb900\" class=\"has-inline-color has-luminous-vivid-amber-color\"><strong>SNACK <\/strong>10:00-10:30h <\/mark><mark style=\"background-color: rgba(0,0,0,0);color: #11181F\" class=\"has-inline-color has-primary-color\"><strong>Fruta de temporada.<\/strong><\/mark><\/li>\n\n\n\n<li><mark style=\"background-color: rgba(0,0,0,0);color: #7bdcb5\" class=\"has-inline-color has-light-green-cyan-color\"><strong>SALIDA AL EXTERIOR <\/strong>10:30-11:30h<\/mark><mark style=\"background-color: rgba(0,0,0,0);color: #11181F\" class=\"has-inline-color has-primary-color\"> <\/mark><strong><mark style=\"background-color:rgba(0, 0, 0, 0)\" class=\"has-inline-color has-black-color\">Todos<\/mark><mark style=\"background-color: rgba(0,0,0,0);color: #11181F\" class=\"has-inline-color has-primary-color\"> los d\u00edas saldremos a nuestra terraza exterior <\/mark><mark style=\"background-color:rgba(0, 0, 0, 0)\" class=\"has-inline-color has-black-color\">debidamente equipados seg\u00fan<\/mark><mark style=\"background-color: rgba(0,0,0,0);color: #11181F\" class=\"has-inline-color has-primary-color\"> el tiempo <\/mark><mark style=\"background-color:rgba(0, 0, 0, 0)\" class=\"has-inline-color has-black-color\">atmosf\u00e9rico, excepto d\u00edas en los que llueva mucho. Adem\u00e1s haremos alguna salida a la semana al parque m\u00e1s cercano de la casita.<\/mark><mark style=\"background-color:rgba(0, 0, 0, 0)\" class=\"has-inline-color has-grey-color\"> <\/mark><\/strong><\/li>\n\n\n\n<li><mark style=\"background-color: rgba(0,0,0,0);color: #00d084\" class=\"has-inline-color has-vivid-green-cyan-color\"><strong>COMIDA <\/strong>12:00-13:00h<\/mark><mark style=\"background-color: rgba(0,0,0,0);color: #11181F\" class=\"has-inline-color has-primary-color\"> <\/mark><strong><mark style=\"background-color: rgba(0,0,0,0);color: #11181F\" class=\"has-inline-color has-primary-color\">Cambio de <\/mark><mark style=\"background-color:rgba(0, 0, 0, 0)\" class=\"has-inline-color has-black-color\">zapatos<\/mark><mark style=\"background-color: rgba(0,0,0,0);color: #11181F\" class=\"has-inline-color has-primary-color\"> y abrigos. Lavado de manos y cara. Ponemos la mesa entre todos y repartimos la comida.<\/mark><\/strong><\/li>\n\n\n\n<li><mark style=\"background-color: rgba(0,0,0,0);color: #8ed1fc\" class=\"has-inline-color has-pale-cyan-blue-color\"><strong>SIESTA <\/strong>13:00-15:00h <\/mark><strong><mark style=\"background-color: rgba(0,0,0,0);color: #11181F\" class=\"has-inline-color has-primary-color\">Respetamos los ritmos<\/mark><mark style=\"background-color: rgba(0,0,0,0);color: #8ed1fc\" class=\"has-inline-color has-pale-cyan-blue-color\"> <\/mark><mark style=\"background-color:rgba(0, 0, 0, 0)\" class=\"has-inline-color has-black-color\">biol\u00f3gicos y el sue\u00f1o de cada ni\u00f1o, por lo que se van despertando ellos solos.<\/mark><\/strong><\/li>\n\n\n\n<li><mark style=\"background-color: rgba(0,0,0,0);color: #0693e3\" class=\"has-inline-color has-vivid-cyan-blue-color\"><strong>MERIENDA <\/strong>15:00-15:30h<\/mark><mark style=\"background-color: rgba(0,0,0,0);color: #11181F\" class=\"has-inline-color has-primary-color\"> <\/mark><strong><mark style=\"background-color: rgba(0,0,0,0)\" class=\"has-inline-color has-black-color\">Fruta de temporada.<\/mark><\/strong><\/li>\n\n\n\n<li><mark style=\"background-color: rgba(0,0,0,0);color: #9b51e0\" class=\"has-inline-color has-vivid-purple-color\"><strong>LECTURA DE CUENTOS Y DESPEDIDA <\/strong>15:30-16:00h<\/mark><\/li>\n<\/ol>\n\n\n\n<figure class=\"wp-block-gallery alignwide has-nested-images columns-default is-cropped wp-block-gallery-1 is-layout-flex wp-block-gallery-is-layout-flex\">\n<figure class=\"wp-block-image size-large is-style-rounded\"><img loading=\"lazy\" decoding=\"async\" width=\"835\" height=\"599\" data-id=\"587\" src=\"https:\/\/casitaluzdearcoiris.es\/wp-content\/uploads\/2023\/11\/novalac-aprender-a-comer-solos-sin-mancharse.png\" alt=\"\" class=\"wp-image-587\" srcset=\"https:\/\/casitaluzdearcoiris.es\/wp-content\/uploads\/2023\/11\/novalac-aprender-a-comer-solos-sin-mancharse.png 835w, https:\/\/casitaluzdearcoiris.es\/wp-content\/uploads\/2023\/11\/novalac-aprender-a-comer-solos-sin-mancharse-300x215.png 300w, https:\/\/casitaluzdearcoiris.es\/wp-content\/uploads\/2023\/11\/novalac-aprender-a-comer-solos-sin-mancharse-768x551.png 768w\" sizes=\"auto, (max-width: 835px) 100vw, 835px\" \/><\/figure>\n\n\n\n<figure class=\"wp-block-image size-large is-style-rounded\"><img loading=\"lazy\" decoding=\"async\" width=\"1024\" height=\"576\" data-id=\"588\" src=\"https:\/\/casitaluzdearcoiris.es\/wp-content\/uploads\/2023\/11\/5fa28e0095162-1024x576.jpeg\" alt=\"\" class=\"wp-image-588\" srcset=\"https:\/\/casitaluzdearcoiris.es\/wp-content\/uploads\/2023\/11\/5fa28e0095162-1024x576.jpeg 1024w, https:\/\/casitaluzdearcoiris.es\/wp-content\/uploads\/2023\/11\/5fa28e0095162-300x169.jpeg 300w, https:\/\/casitaluzdearcoiris.es\/wp-content\/uploads\/2023\/11\/5fa28e0095162-768x432.jpeg 768w, https:\/\/casitaluzdearcoiris.es\/wp-content\/uploads\/2023\/11\/5fa28e0095162.jpeg 1200w\" sizes=\"auto, (max-width: 1024px) 100vw, 1024px\" \/><\/figure>\n\n\n\n<figure class=\"wp-block-image size-large is-style-rounded\"><img loading=\"lazy\" decoding=\"async\" width=\"464\" height=\"349\" data-id=\"586\" src=\"https:\/\/casitaluzdearcoiris.es\/wp-content\/uploads\/2023\/11\/Ensena-a-tus-hijos-a-ponerse-sus-zapatos-infantiles.jpg\" alt=\"\" class=\"wp-image-586\" srcset=\"https:\/\/casitaluzdearcoiris.es\/wp-content\/uploads\/2023\/11\/Ensena-a-tus-hijos-a-ponerse-sus-zapatos-infantiles.jpg 464w, https:\/\/casitaluzdearcoiris.es\/wp-content\/uploads\/2023\/11\/Ensena-a-tus-hijos-a-ponerse-sus-zapatos-infantiles-300x226.jpg 300w\" sizes=\"auto, (max-width: 464px) 100vw, 464px\" \/><\/figure>\n\n\n\n<figure class=\"wp-block-image size-large is-style-rounded\"><img loading=\"lazy\" decoding=\"async\" width=\"640\" height=\"426\" data-id=\"591\" src=\"https:\/\/casitaluzdearcoiris.es\/wp-content\/uploads\/2023\/11\/cama-montessori.jpg\" alt=\"\" class=\"wp-image-591\" srcset=\"https:\/\/casitaluzdearcoiris.es\/wp-content\/uploads\/2023\/11\/cama-montessori.jpg 640w, https:\/\/casitaluzdearcoiris.es\/wp-content\/uploads\/2023\/11\/cama-montessori-300x200.jpg 300w\" sizes=\"auto, (max-width: 640px) 100vw, 640px\" \/><\/figure>\n\n\n\n<figure class=\"wp-block-image size-large is-style-rounded\"><img loading=\"lazy\" decoding=\"async\" width=\"400\" height=\"250\" data-id=\"590\" src=\"https:\/\/casitaluzdearcoiris.es\/wp-content\/uploads\/2023\/11\/juguetes-materiales-montessori-3-4-5-anos.jpg\" alt=\"\" class=\"wp-image-590\" srcset=\"https:\/\/casitaluzdearcoiris.es\/wp-content\/uploads\/2023\/11\/juguetes-materiales-montessori-3-4-5-anos.jpg 400w, https:\/\/casitaluzdearcoiris.es\/wp-content\/uploads\/2023\/11\/juguetes-materiales-montessori-3-4-5-anos-300x188.jpg 300w\" sizes=\"auto, (max-width: 400px) 100vw, 400px\" \/><\/figure>\n\n\n\n<figure class=\"wp-block-image size-large is-style-rounded\"><img loading=\"lazy\" decoding=\"async\" width=\"1024\" height=\"683\" data-id=\"589\" src=\"https:\/\/casitaluzdearcoiris.es\/wp-content\/uploads\/2023\/11\/montessori-infantil-abril-2016-0524-1024x683.jpg\" alt=\"\" class=\"wp-image-589\" srcset=\"https:\/\/casitaluzdearcoiris.es\/wp-content\/uploads\/2023\/11\/montessori-infantil-abril-2016-0524-1024x683.jpg 1024w, https:\/\/casitaluzdearcoiris.es\/wp-content\/uploads\/2023\/11\/montessori-infantil-abril-2016-0524-300x200.jpg 300w, https:\/\/casitaluzdearcoiris.es\/wp-content\/uploads\/2023\/11\/montessori-infantil-abril-2016-0524-768x512.jpg 768w, https:\/\/casitaluzdearcoiris.es\/wp-content\/uploads\/2023\/11\/montessori-infantil-abril-2016-0524.jpg 1200w\" sizes=\"auto, (max-width: 1024px) 100vw, 1024px\" \/><\/figure>\n<\/figure>\n\n\n\n<hr class=\"wp-block-separator alignwide has-alpha-channel-opacity is-style-wide\"\/>\n\n\n\n<h1 class=\"wp-block-heading\"><mark style=\"background-color: rgba(0,0,0,0);color: #474747\" class=\"has-inline-color has-foreground-color\">HORARIOS \ud83d\udd62<\/mark><\/h1>\n\n\n\n<p><strong>La casita estar\u00e1 abierta<\/strong> <strong>de lunes a viernes de 9:00 a 16:00 horas (posibilidad de ampliar horario).<\/strong><\/p>\n\n\n\n<p><strong>De Septiembre a Julio (ambos inclusive).<\/strong><\/p>\n\n\n\n<p><strong>Vacaciones de verano: 1 al 31 de Agosto.<\/strong><\/p>\n\n\n\n<p><strong>Se rige por el<\/strong> <strong>calendario<\/strong> <strong>escolar de la Comunidad de Madrid.<\/strong><\/p>\n\n\n\n<div data-wp-interactive=\"core\/file\" class=\"wp-block-file\"><object data-wp-bind--hidden=\"!state.hasPdfPreview\" hidden class=\"wp-block-file__embed\" data=\"https:\/\/casitaluzdearcoiris.es\/wp-content\/uploads\/2023\/10\/calendario_escolar_2023-24.pdf\" type=\"application\/pdf\" style=\"width:100%;height:600px\" aria-label=\"Incrustado de calendario_escolar_2023-24.\"><\/object><a id=\"wp-block-file--media-6a08bcd5-b3e8-443d-bd79-a1048669661f\" href=\"https:\/\/casitaluzdearcoiris.es\/wp-content\/uploads\/2023\/10\/calendario_escolar_2023-24.pdf\">calendario_escolar_2023-24<\/a><a href=\"https:\/\/casitaluzdearcoiris.es\/wp-content\/uploads\/2023\/10\/calendario_escolar_2023-24.pdf\" class=\"wp-block-file__button wp-element-button\" download aria-describedby=\"wp-block-file--media-6a08bcd5-b3e8-443d-bd79-a1048669661f\">Descarga<\/a><\/div>\n\n\n\n<figure class=\"wp-block-gallery alignwide has-nested-images columns-default is-cropped wp-block-gallery-2 is-layout-flex wp-block-gallery-is-layout-flex\">\n<figure class=\"wp-block-image size-large is-style-rounded\"><img loading=\"lazy\" decoding=\"async\" width=\"1024\" height=\"779\" data-id=\"476\" src=\"https:\/\/casitaluzdearcoiris.es\/wp-content\/uploads\/2023\/10\/2-1024x779.jpg\" alt=\"\" class=\"wp-image-476\" srcset=\"https:\/\/casitaluzdearcoiris.es\/wp-content\/uploads\/2023\/10\/2-1024x779.jpg 1024w, https:\/\/casitaluzdearcoiris.es\/wp-content\/uploads\/2023\/10\/2-300x228.jpg 300w, https:\/\/casitaluzdearcoiris.es\/wp-content\/uploads\/2023\/10\/2-768x584.jpg 768w, https:\/\/casitaluzdearcoiris.es\/wp-content\/uploads\/2023\/10\/2-1536x1169.jpg 1536w, https:\/\/casitaluzdearcoiris.es\/wp-content\/uploads\/2023\/10\/2-2048x1558.jpg 2048w\" sizes=\"auto, (max-width: 1024px) 100vw, 1024px\" \/><\/figure>\n\n\n\n<figure class=\"wp-block-image size-large is-style-rounded\"><img loading=\"lazy\" decoding=\"async\" width=\"1024\" height=\"883\" data-id=\"475\" src=\"https:\/\/casitaluzdearcoiris.es\/wp-content\/uploads\/2023\/10\/img_20170710_101452-1024x883.jpg\" alt=\"\" class=\"wp-image-475\" srcset=\"https:\/\/casitaluzdearcoiris.es\/wp-content\/uploads\/2023\/10\/img_20170710_101452-1024x883.jpg 1024w, https:\/\/casitaluzdearcoiris.es\/wp-content\/uploads\/2023\/10\/img_20170710_101452-300x259.jpg 300w, https:\/\/casitaluzdearcoiris.es\/wp-content\/uploads\/2023\/10\/img_20170710_101452-768x662.jpg 768w, https:\/\/casitaluzdearcoiris.es\/wp-content\/uploads\/2023\/10\/img_20170710_101452-1536x1324.jpg 1536w, https:\/\/casitaluzdearcoiris.es\/wp-content\/uploads\/2023\/10\/img_20170710_101452.jpg 1911w\" sizes=\"auto, (max-width: 1024px) 100vw, 1024px\" \/><\/figure>\n\n\n\n<figure class=\"wp-block-image size-large is-style-rounded\"><img loading=\"lazy\" decoding=\"async\" width=\"1024\" height=\"842\" data-id=\"473\" src=\"https:\/\/casitaluzdearcoiris.es\/wp-content\/uploads\/2023\/10\/dsc_0138-1024x842.jpg\" alt=\"\" class=\"wp-image-473\" srcset=\"https:\/\/casitaluzdearcoiris.es\/wp-content\/uploads\/2023\/10\/dsc_0138-1024x842.jpg 1024w, https:\/\/casitaluzdearcoiris.es\/wp-content\/uploads\/2023\/10\/dsc_0138-300x247.jpg 300w, https:\/\/casitaluzdearcoiris.es\/wp-content\/uploads\/2023\/10\/dsc_0138-768x631.jpg 768w, https:\/\/casitaluzdearcoiris.es\/wp-content\/uploads\/2023\/10\/dsc_0138-1536x1262.jpg 1536w, https:\/\/casitaluzdearcoiris.es\/wp-content\/uploads\/2023\/10\/dsc_0138-2048x1683.jpg 2048w\" sizes=\"auto, (max-width: 1024px) 100vw, 1024px\" \/><\/figure>\n<\/figure>\n","protected":false},"excerpt":{"rendered":"<p>El ritmo diario de la casita viene dado por las necesidades de los ni\u00f1@s, por lo que aunque hay una organizaci\u00f3n de las rutinas y [&hellip;]<\/p>\n","protected":false},"author":1,"featured_media":0,"parent":0,"menu_order":0,"comment_status":"closed","ping_status":"closed","template":"","meta":{"footnotes":""},"class_list":["post-242","page","type-page","status-publish","hentry"],"_links":{"self":[{"href":"https:\/\/casitaluzdearcoiris.es\/index.php\/wp-json\/wp\/v2\/pages\/242","targetHints":{"allow":["GET"]}}],"collection":[{"href":"https:\/\/casitaluzdearcoiris.es\/index.php\/wp-json\/wp\/v2\/pages"}],"about":[{"href":"https:\/\/casitaluzdearcoiris.es\/index.php\/wp-json\/wp\/v2\/types\/page"}],"author":[{"embeddable":true,"href":"https:\/\/casitaluzdearcoiris.es\/index.php\/wp-json\/wp\/v2\/users\/1"}],"replies":[{"embeddable":true,"href":"https:\/\/casitaluzdearcoiris.es\/index.php\/wp-json\/wp\/v2\/comments?post=242"}],"version-history":[{"count":11,"href":"https:\/\/casitaluzdearcoiris.es\/index.php\/wp-json\/wp\/v2\/pages\/242\/revisions"}],"predecessor-version":[{"id":599,"href":"https:\/\/casitaluzdearcoiris.es\/index.php\/wp-json\/wp\/v2\/pages\/242\/revisions\/599"}],"wp:attachment":[{"href":"https:\/\/casitaluzdearcoiris.es\/index.php\/wp-json\/wp\/v2\/media?parent=242"}],"curies":[{"name":"wp","href":"https:\/\/api.w.org\/{rel}","templated":true}]}}