{"id":280,"date":"2023-09-20T16:40:11","date_gmt":"2023-09-20T16:40:11","guid":{"rendered":"https:\/\/casitaluzdearcoiris.wordpress.com\/linea-pedagogica-%e2%9c%8d%f0%9f%8f%bb\/"},"modified":"2023-11-29T20:18:06","modified_gmt":"2023-11-29T20:18:06","slug":"linea-pedagogica","status":"publish","type":"page","link":"https:\/\/casitaluzdearcoiris.es\/index.php\/linea-pedagogica\/","title":{"rendered":"L\u00cdNEA PEDAG\u00d3GICA \ud83d\udc69\u200d\ud83c\udfeb"},"content":{"rendered":"\n<p>En los tres primeros a\u00f1os de vida del ni\u00f1o, tienen lugar los tres grandes pilares del ser humano: <strong>andar, hablar y pensar<\/strong>. Estos logros vienen determinados por el ambiente en el que el ni\u00f1o est\u00e1 inmerso. S\u00f3lo el contacto afectivo \u00edntimo y directo con otro ser humano (figura materna) hace que en el ni\u00f1o se despierten de forma natural estas tres potencialidades. El peque\u00f1o no tiene las fuerzas sociales a disposici\u00f3n todav\u00eda como para poder asumir un colectivo de iguales. El <strong>ambiente de hogar y de familia<\/strong> es el n\u00facleo social ideal para el menor de 3 a\u00f1os; en realidad es el \u00fanico que puede asumir dignamente. <strong>El amor y el afecto<\/strong> son absolutamente imprescindibles a esta edad.<\/p>\n\n\n\n<p>El ni\u00f1o es un gran<strong> \u00f3rgano sensorial<\/strong> que se impregna imitando y conform\u00e1ndose a trav\u00e9s del ambiente. Lo motriz, base del desarrollo del lenguaje y del pensamiento, se nutre de la acci\u00f3n, del intercambio del propio cuerpo con todo lo f\u00edsico. De ah\u00ed que, por encima de todo, debe primar que el ni\u00f1o pueda desarrollar lo m\u00e1s posible, a trav\u00e9s del <strong>juego libre<\/strong>, su propia <strong>voluntad<\/strong> de actuar. Lo que el ni\u00f1o interioriza del ambiente lo exterioriza a trav\u00e9s de su libre actividad, y de sus acciones en el mundo f\u00edsico se generan las bases necesarias para la posterior transformaci\u00f3n en habilidades de orden superior.<\/p>\n\n\n\n<div class=\"wp-block-columns alignwide is-layout-flex wp-container-core-columns-is-layout-9d6595d7 wp-block-columns-is-layout-flex\">\n<div class=\"wp-block-column is-layout-flow wp-block-column-is-layout-flow\">\n<figure class=\"wp-block-image size-large is-resized\"><img loading=\"lazy\" decoding=\"async\" width=\"800\" height=\"2000\" src=\"http:\/\/ukhwimp.cluster028.hosting.ovh.net\/wp-content\/uploads\/2023\/09\/e70aa9d9-f7af-4257-8e6b-581b97159e41.png?w=410\" alt=\"\" class=\"wp-image-287\" style=\"width:593px;height:auto\" srcset=\"https:\/\/casitaluzdearcoiris.es\/wp-content\/uploads\/2023\/09\/e70aa9d9-f7af-4257-8e6b-581b97159e41.png 800w, https:\/\/casitaluzdearcoiris.es\/wp-content\/uploads\/2023\/09\/e70aa9d9-f7af-4257-8e6b-581b97159e41-120x300.png 120w, https:\/\/casitaluzdearcoiris.es\/wp-content\/uploads\/2023\/09\/e70aa9d9-f7af-4257-8e6b-581b97159e41-410x1024.png 410w, https:\/\/casitaluzdearcoiris.es\/wp-content\/uploads\/2023\/09\/e70aa9d9-f7af-4257-8e6b-581b97159e41-768x1920.png 768w, https:\/\/casitaluzdearcoiris.es\/wp-content\/uploads\/2023\/09\/e70aa9d9-f7af-4257-8e6b-581b97159e41-614x1536.png 614w\" sizes=\"auto, (max-width: 800px) 100vw, 800px\" \/><\/figure>\n<\/div>\n\n\n\n<div class=\"wp-block-column is-layout-flow wp-block-column-is-layout-flow\" style=\"line-height:1.9;flex-basis:49.6%\">\n<figure class=\"wp-block-image size-large is-resized is-style-default\"><img loading=\"lazy\" decoding=\"async\" width=\"800\" height=\"2000\" src=\"http:\/\/ukhwimp.cluster028.hosting.ovh.net\/wp-content\/uploads\/2023\/09\/f60a445c-3d4a-4fb0-b0e8-d8e50c16b58c.png?w=410\" alt=\"\" class=\"wp-image-288\" style=\"width:594px;height:auto\" srcset=\"https:\/\/casitaluzdearcoiris.es\/wp-content\/uploads\/2023\/09\/f60a445c-3d4a-4fb0-b0e8-d8e50c16b58c.png 800w, https:\/\/casitaluzdearcoiris.es\/wp-content\/uploads\/2023\/09\/f60a445c-3d4a-4fb0-b0e8-d8e50c16b58c-120x300.png 120w, https:\/\/casitaluzdearcoiris.es\/wp-content\/uploads\/2023\/09\/f60a445c-3d4a-4fb0-b0e8-d8e50c16b58c-410x1024.png 410w, https:\/\/casitaluzdearcoiris.es\/wp-content\/uploads\/2023\/09\/f60a445c-3d4a-4fb0-b0e8-d8e50c16b58c-768x1920.png 768w, https:\/\/casitaluzdearcoiris.es\/wp-content\/uploads\/2023\/09\/f60a445c-3d4a-4fb0-b0e8-d8e50c16b58c-614x1536.png 614w\" sizes=\"auto, (max-width: 800px) 100vw, 800px\" \/><\/figure>\n<\/div>\n<\/div>\n","protected":false},"excerpt":{"rendered":"<p>En los tres primeros a\u00f1os de vida del ni\u00f1o, tienen lugar los tres grandes pilares del ser humano: andar, hablar y pensar. Estos logros vienen [&hellip;]<\/p>\n","protected":false},"author":1,"featured_media":0,"parent":0,"menu_order":0,"comment_status":"closed","ping_status":"closed","template":"","meta":{"footnotes":""},"class_list":["post-280","page","type-page","status-publish","hentry"],"_links":{"self":[{"href":"https:\/\/casitaluzdearcoiris.es\/index.php\/wp-json\/wp\/v2\/pages\/280","targetHints":{"allow":["GET"]}}],"collection":[{"href":"https:\/\/casitaluzdearcoiris.es\/index.php\/wp-json\/wp\/v2\/pages"}],"about":[{"href":"https:\/\/casitaluzdearcoiris.es\/index.php\/wp-json\/wp\/v2\/types\/page"}],"author":[{"embeddable":true,"href":"https:\/\/casitaluzdearcoiris.es\/index.php\/wp-json\/wp\/v2\/users\/1"}],"replies":[{"embeddable":true,"href":"https:\/\/casitaluzdearcoiris.es\/index.php\/wp-json\/wp\/v2\/comments?post=280"}],"version-history":[{"count":3,"href":"https:\/\/casitaluzdearcoiris.es\/index.php\/wp-json\/wp\/v2\/pages\/280\/revisions"}],"predecessor-version":[{"id":616,"href":"https:\/\/casitaluzdearcoiris.es\/index.php\/wp-json\/wp\/v2\/pages\/280\/revisions\/616"}],"wp:attachment":[{"href":"https:\/\/casitaluzdearcoiris.es\/index.php\/wp-json\/wp\/v2\/media?parent=280"}],"curies":[{"name":"wp","href":"https:\/\/api.w.org\/{rel}","templated":true}]}}