{"id":579,"date":"2023-11-27T19:18:08","date_gmt":"2023-11-27T19:18:08","guid":{"rendered":"https:\/\/casitaluzdearcoiris.es\/?page_id=579"},"modified":"2023-11-27T19:19:17","modified_gmt":"2023-11-27T19:19:17","slug":"sobre-mi","status":"publish","type":"page","link":"https:\/\/casitaluzdearcoiris.es\/index.php\/sobre-mi\/","title":{"rendered":"SOBRE M\u00cd"},"content":{"rendered":"\n<div class=\"wp-block-media-text alignfull is-stacked-on-mobile is-vertically-aligned-center\" style=\"grid-template-columns:41% auto\"><figure class=\"wp-block-media-text__media\"><img loading=\"lazy\" decoding=\"async\" width=\"680\" height=\"772\" src=\"https:\/\/casitaluzdearcoiris.es\/wp-content\/uploads\/2023\/09\/image-2.jpg\" alt=\"\" class=\"wp-image-169 size-full\" srcset=\"https:\/\/casitaluzdearcoiris.es\/wp-content\/uploads\/2023\/09\/image-2.jpg 680w, https:\/\/casitaluzdearcoiris.es\/wp-content\/uploads\/2023\/09\/image-2-264x300.jpg 264w\" sizes=\"auto, (max-width: 680px) 100vw, 680px\" \/><\/figure><div class=\"wp-block-media-text__content\">\n<p><strong>\u00a1Hola! Soy Leticia, maestra de educaci\u00f3n infantil por vocaci\u00f3n, gu\u00eda montessori 0-3 y asistente montessori 3-6 a\u00f1os, profesora de yoga para ni\u00f1os y tengo formaci\u00f3n en algunas pedagog\u00edas alternativas como Waldorf y Pikler, me apasiona su manera de ver al ni\u00f1o. Me encanta el mundo de la crianza respetuosa y ya no s\u00e9, ni quiero otra manera de ver la infancia.<\/strong><\/p>\n\n\n\n<p><strong>Comenc\u00e9 mi andadura profesional hace ya 10 a\u00f1os en una escuelita Waldorf que fue lo que me abri\u00f3 la mente y me cambi\u00f3 a ver que existe y es posible otra forma de educar. Despu\u00e9s he crecido como persona y profesional durante 7 a\u00f1os en una escuela Montessori acompa\u00f1ando a beb\u00e9s y a ni\u00f1os en la etapa 0-3.<\/strong><\/p>\n\n\n\n<p><strong>Me encanta la m\u00fasica, el deporte y el baile. En mi tiempo libre me encanta perderme en la naturaleza y visitar pueblecitos. Adem\u00e1s soy amante de las manualidades y tengo un peque\u00f1o proyecto de peluches de fieltro que hago por encargo.<\/strong><\/p>\n\n\n\n<p><strong>Mi vocaci\u00f3n por los ni\u00f1os y mis ganas de darle a la infancia el cuidado que merece me llevan a adentrarme en este proyecto de madre de d\u00eda con much\u00edsimas ganas, amor y dedicaci\u00f3n. Se que es posible otra educaci\u00f3n y un cambio de mirada a la infancia.<\/strong><\/p>\n\n\n\n<p><strong>Demos a los ni\u00f1os y ni\u00f1as la oportunidad de SER Y PERTENECER.<\/strong><\/p>\n<\/div><\/div>\n\n\n\n<blockquote class=\"wp-block-quote has-text-align-center is-layout-flow wp-block-quote-is-layout-flow\">\n<p class=\"has-text-align-center\"><strong><em><mark style=\"background-color:#E6DBAD\" class=\"has-inline-color has-black-color\">\u00abSembrad en los ni\u00f1os ideas buenas, aunque no las entiendan; los a\u00f1os se encargar\u00e1n de descifrarlas en su entendimiento y de hacerlas florecer en su coraz\u00f3n\u00bb<\/mark><\/em><\/strong><\/p>\n<cite><strong><mark style=\"background-color:#E6DBAD\" class=\"has-inline-color has-black-color\">Mar\u00eda Montessori.<\/mark><\/strong><\/cite><\/blockquote>\n","protected":false},"excerpt":{"rendered":"<p>\u00a1Hola! Soy Leticia, maestra de educaci\u00f3n infantil por vocaci\u00f3n, gu\u00eda montessori 0-3 y asistente montessori 3-6 a\u00f1os, profesora de yoga para ni\u00f1os y tengo formaci\u00f3n [&hellip;]<\/p>\n","protected":false},"author":1,"featured_media":0,"parent":0,"menu_order":0,"comment_status":"closed","ping_status":"closed","template":"","meta":{"footnotes":""},"class_list":["post-579","page","type-page","status-publish","hentry"],"_links":{"self":[{"href":"https:\/\/casitaluzdearcoiris.es\/index.php\/wp-json\/wp\/v2\/pages\/579","targetHints":{"allow":["GET"]}}],"collection":[{"href":"https:\/\/casitaluzdearcoiris.es\/index.php\/wp-json\/wp\/v2\/pages"}],"about":[{"href":"https:\/\/casitaluzdearcoiris.es\/index.php\/wp-json\/wp\/v2\/types\/page"}],"author":[{"embeddable":true,"href":"https:\/\/casitaluzdearcoiris.es\/index.php\/wp-json\/wp\/v2\/users\/1"}],"replies":[{"embeddable":true,"href":"https:\/\/casitaluzdearcoiris.es\/index.php\/wp-json\/wp\/v2\/comments?post=579"}],"version-history":[{"count":2,"href":"https:\/\/casitaluzdearcoiris.es\/index.php\/wp-json\/wp\/v2\/pages\/579\/revisions"}],"predecessor-version":[{"id":582,"href":"https:\/\/casitaluzdearcoiris.es\/index.php\/wp-json\/wp\/v2\/pages\/579\/revisions\/582"}],"wp:attachment":[{"href":"https:\/\/casitaluzdearcoiris.es\/index.php\/wp-json\/wp\/v2\/media?parent=579"}],"curies":[{"name":"wp","href":"https:\/\/api.w.org\/{rel}","templated":true}]}}